{"id":778,"date":"2022-09-14T17:46:30","date_gmt":"2022-09-14T15:46:30","guid":{"rendered":"http:\/\/dmstax.com\/datenschutz\/"},"modified":"2025-02-20T02:23:34","modified_gmt":"2025-02-20T01:23:34","slug":"datenschutz","status":"publish","type":"page","link":"https:\/\/dmstax.com\/de\/datenschutz\/","title":{"rendered":"Datenschutz"},"content":{"rendered":"\n<h2 class=\"wp-block-heading\"><strong>Definicje<\/strong><\/h2>\n\n<p>a) <strong>DMS TAX<\/strong> \u2013 sp\u00f3\u0142ka DMS TAX Sp. z.o.o. z siedzib\u0105 przyal. Lipowa 32,\n53-124 Wroc\u0142aw, Polska, wpisana do Krajowego Rejestru S\u0105dowego Prowadzonego przez S\u0105d Rejonowy dla Wroc\u0142awia-Fabrycznej we Wroc\u0142awiu VI Wydzia\u0142 Gospodarczy pod numerem KRS 0000231073.<\/p>\n\n<p>b) <strong>Serwis <\/strong>\u2013 strona internetowa, pod kt\u00f3r\u0105 DMS TAX prowadzi serwis internetowy dmstax.com<\/p>\n\n<p>c)<strong> U\u017cytkownik <\/strong>\u2013 oznacza ka\u017cd\u0105 osob\u0119 korzystaj\u0105c\u0105 w jakikolwiek spos\u00f3b z Serwisu, w szczeg\u00f3lno\u015bci podmiot, na rzecz kt\u00f3rego zgodnie z Polityk\u0105 Prywatno\u015bci i Polityk\u0105 Cookies oraz przepisami prawa mog\u0105 by\u0107 \u015bwiadczone us\u0142ugi drog\u0105 elektroniczn\u0105 lub z kt\u00f3rym zawarta mo\u017ce by\u0107 umowa o \u015bwiadczenie us\u0142ug drog\u0105 elektroniczn\u0105.<\/p>\n\n<p>d) <strong>Cookies<\/strong> \u2013 oznacza dane informatyczne, w szczeg\u00f3lno\u015bci w formie plik\u00f3w tekstowych, zapisywane na dysku komputera U\u017cytkownika za pomoc\u0105 przegl\u0105darki internetowej. W plikach cookies nie s\u0105 gromadzone dane osobowe, lecz informacje takie jak: nazwa strony internetowej, z kt\u00f3rej pochodz\u0105 cookies, czas przechowywania ich na urz\u0105dzeniu ko\u0144cowym oraz unikalny numer (IP).<\/p>\n\n<p>e)<strong> Dane<\/strong> \u2013 oznacza dane osobowe w rozumieniu ustawy z dnia 29 sierpnia 1997 r. o ochronie danych osobowych<br\/>(Dz. U. z 2002r., Nr 101, poz. 926 z p\u00f3\u017an. zm.)<\/p>\n\n<h2 class=\"wp-block-heading\"><strong>Informacje og\u00f3lne<\/strong><\/h2>\n\n<p>1. Operatorem Serwisu dmstax.com jest DMS TAX.<\/p>\n\n<p>2. Korzystanie z Serwisu jest jednoznaczne z akceptacj\u0105 podanych poni\u017cej warunk\u00f3w U\u017cytkowania.<\/p>\n\n<h2 class=\"wp-block-heading\"><strong>Rodzaje zbieranych i przetwarzanych informacji o U\u017cytkownikach Serwisu<\/strong><\/h2>\n\n<p><strong>a) Dane zbierane bezpo\u015brednio, gdy U\u017cytkownik kontaktuje si\u0119 z DMS TAX<\/strong><br\/>Podczas kontaktu za pomoc\u0105 strony internetowej (formularz, e-mail) U\u017cytkownik dobrowolnie udost\u0119pnia informacje takie jak: numer telefonu, adres e-mail, imi\u0119 i nazwisko, nazwa firmy, stanowisko etc. W przypadku newslettera U\u017cytkownik dobrowolnie przekazuje sw\u00f3j adres e-mail.<\/p>\n\n<p><strong>b) Dane zbierane automatycznie<\/strong><br\/>Podczas wizyty na naszej stronie internetowej, automatycznie zbierane s\u0105 informacje takie jak: unikalny numer (IP), nazwa domeny, typ przegl\u0105darki, rodzaj systemu operacyjnego etc.<\/p>\n\n<h3 class=\"wp-block-heading\"><strong>Informacje w formularzach<\/strong><\/h3>\n\n<p>1. Serwis zbiera informacje podane dobrowolnie przez U\u017cytkownika.<\/p>\n\n<p>2. Serwis mo\u017ce zapisa\u0107 ponadto informacje o parametrach po\u0142\u0105czenia (czas, adres IP).<\/p>\n\n<p>3. Dane w formularzu nie s\u0105 udost\u0119pniane podmiotom trzecim inaczej, ni\u017c za zgod\u0105 U\u017cytkownika.<\/p>\n\n<p>4. Dane podane w formularzu mog\u0105 stanowi\u0107 zbi\u00f3r potencjalnych Klient\u00f3w, zarejestrowany przez DMS TAX w rejestrze prowadzonym przez Generalnego Inspektora Ochrony Danych Osobowych.<\/p>\n\n<p>5. Dane podane w formularzu s\u0105 przetwarzane w celu kontaktu handlowego.<\/p>\n\n<h2 class=\"wp-block-heading\"><strong>Informacje o plikach cookies<\/strong><\/h2>\n\n<p>Serwis DMS TAX wykorzystuje pliki cookies, zapisywane na dysku komputera U\u017cytkownika za pomoc\u0105 przegl\u0105darki internetowej. W plikach cookies nie s\u0105 gromadzone dane osobowe, lecz informacje takie jak: nazwa strony internetowej, z kt\u00f3rej pochodz\u0105 cookies, czas przechowywania ich na urz\u0105dzeniu ko\u0144cowym oraz unikalny numer (IP).<br\/>Wi\u0119cej informacji w <a href=\"https:\/\/dmstax.com\/o-nas\/cookies\/\" target=\"_blank\" rel=\"noreferrer noopener\">Polityce Cookies.<\/a><\/p>\n\n<h2 class=\"wp-block-heading\"><strong>Linki do innych witryn internetowych<\/strong><\/h2>\n\n<p>Serwis DMS TAX mo\u017ce zawiera\u0107 linki lub odsy\u0142acze do innych stron internetowych, kt\u00f3rych nie obejmuj\u0105 postanowienia niniejszej polityki. Zach\u0119camy U\u017cytkownik\u00f3w do zapoznawania si\u0119 z tre\u015bci\u0105 odpowiedniej polityki w przypadku ka\u017cdej z odwiedzanych witryn internetowych.<\/p>\n\n<h2 class=\"wp-block-heading\"><strong>Udost\u0119pnianie danych<\/strong><\/h2>\n\n<p>1. Dane podlegaj\u0105 udost\u0119pnieniu podmiotom zewn\u0119trznym wy\u0142\u0105cznie w granicach prawnie dozwolonych.<\/p>\n\n<p>2. Dane umo\u017cliwiaj\u0105ce identyfikacj\u0119 osoby fizycznej s\u0105 udost\u0119pniane wy\u0142\u0105czenie za zgod\u0105 tej osoby.<\/p>\n\n<p>3. DMS TAX mo\u017ce mie\u0107 obowi\u0105zek udzielania informacji zebranych przez Serwis upowa\u017cnionym organom na podstawie zgodnych z prawem \u017c\u0105da\u0144.<\/p>\n\n<h2 class=\"wp-block-heading\"><strong>Zmiany Polityki Prywatno\u015bci<\/strong><\/h2>\n\n<p>DMS TAX zastrzega sobie prawo do aktualizacji oraz zmiany niniejszej Polityki Prywatno\u015bci w dowolnym momencie. U\u017cytkownicy zostan\u0105 powiadomieni o istotnych zmianach poprzez widoczn\u0105 informacj\u0119 wy\u015bwietlon\u0105 w Serwie.<\/p>\n\n<h2 class=\"wp-block-heading\"><strong>Kontakt<\/strong><\/h2>\n\n<p>DMS TAX Sp. z o.o.<br\/>al. Lipowa 32,\n53-124 Wroc\u0142aw, Polska<\/p>\n\n<p>W razie dodatkowych pyta\u0144 dotycz\u0105cych ochrony prywatno\u015bci, prosimy o kontakt<br\/>na adres e-mail: <a href=\"mailto:office@dmstax.com\">office@dmstax.com<\/a><\/p>\n","protected":false},"excerpt":{"rendered":"<p>Definicje a) DMS TAX \u2013 sp\u00f3\u0142ka DMS TAX Sp. z.o.o. z siedzib\u0105 przyal. Lipowa 32, 53-124 Wroc\u0142aw, Polska, wpisana do Krajowego Rejestru S\u0105dowego Prowadzonego przez S\u0105d Rejonowy dla Wroc\u0142awia-Fabrycznej we&#8230;<\/p>\n","protected":false},"author":1,"featured_media":0,"parent":0,"menu_order":33,"comment_status":"closed","ping_status":"open","template":"page-templates\/legal-regulations.php","meta":{"inline_featured_image":false,"footnotes":""},"class_list":["post-778","page","type-page","status-publish","hentry"],"acf":[],"yoast_head":"<!-- This site is optimized with the Yoast SEO plugin v20.5 - https:\/\/yoast.com\/wordpress\/plugins\/seo\/ -->\n<title>Datenschutz &gt; DMS TAX<\/title>\n<meta name=\"robots\" content=\"index, follow, max-snippet:-1, max-image-preview:large, max-video-preview:-1\" \/>\n<link rel=\"canonical\" href=\"https:\/\/dmstax.com\/de\/datenschutz\/\" \/>\n<meta property=\"og:locale\" content=\"de_DE\" \/>\n<meta property=\"og:type\" content=\"article\" \/>\n<meta property=\"og:title\" content=\"Datenschutz &gt; DMS TAX\" \/>\n<meta property=\"og:description\" content=\"Definicje a) DMS TAX \u2013 sp\u00f3\u0142ka DMS TAX Sp. z.o.o. z siedzib\u0105 przyal. Lipowa 32, 53-124 Wroc\u0142aw, Polska, wpisana do Krajowego Rejestru S\u0105dowego Prowadzonego przez S\u0105d Rejonowy dla Wroc\u0142awia-Fabrycznej we...\" \/>\n<meta property=\"og:url\" content=\"https:\/\/dmstax.com\/de\/datenschutz\/\" \/>\n<meta property=\"og:site_name\" content=\"DMS TAX\" \/>\n<meta property=\"article:modified_time\" content=\"2025-02-20T01:23:34+00:00\" \/>\n<meta name=\"twitter:card\" content=\"summary_large_image\" \/>\n<meta name=\"twitter:label1\" content=\"Est. reading time\" \/>\n\t<meta name=\"twitter:data1\" content=\"3 minutes\" \/>\n<script type=\"application\/ld+json\" class=\"yoast-schema-graph\">{\"@context\":\"https:\/\/schema.org\",\"@graph\":[{\"@type\":\"WebPage\",\"@id\":\"https:\/\/dmstax.com\/de\/datenschutz\/\",\"url\":\"https:\/\/dmstax.com\/de\/datenschutz\/\",\"name\":\"Datenschutz &gt; DMS TAX\",\"isPartOf\":{\"@id\":\"https:\/\/dmstax.com\/de\/#website\"},\"datePublished\":\"2022-09-14T15:46:30+00:00\",\"dateModified\":\"2025-02-20T01:23:34+00:00\",\"inLanguage\":\"de-DE\",\"potentialAction\":[{\"@type\":\"ReadAction\",\"target\":[\"https:\/\/dmstax.com\/de\/datenschutz\/\"]}]},{\"@type\":\"WebSite\",\"@id\":\"https:\/\/dmstax.com\/de\/#website\",\"url\":\"https:\/\/dmstax.com\/de\/\",\"name\":\"DMS TAX\",\"description\":\"\",\"publisher\":{\"@id\":\"https:\/\/dmstax.com\/de\/#organization\"},\"potentialAction\":[{\"@type\":\"SearchAction\",\"target\":{\"@type\":\"EntryPoint\",\"urlTemplate\":\"https:\/\/dmstax.com\/de\/?s={search_term_string}\"},\"query-input\":\"required name=search_term_string\"}],\"inLanguage\":\"de-DE\"},{\"@type\":\"Organization\",\"@id\":\"https:\/\/dmstax.com\/de\/#organization\",\"name\":\"DMS TAX\",\"url\":\"https:\/\/dmstax.com\/de\/\",\"logo\":{\"@type\":\"ImageObject\",\"inLanguage\":\"de-DE\",\"@id\":\"https:\/\/dmstax.com\/de\/#\/schema\/logo\/image\/\",\"url\":\"https:\/\/dmstax.com\/wp-content\/uploads\/2022\/10\/Logo-2.svg\",\"contentUrl\":\"https:\/\/dmstax.com\/wp-content\/uploads\/2022\/10\/Logo-2.svg\",\"width\":103,\"height\":32,\"caption\":\"DMS TAX\"},\"image\":{\"@id\":\"https:\/\/dmstax.com\/de\/#\/schema\/logo\/image\/\"}}]}<\/script>\n<!-- \/ Yoast SEO plugin. -->","yoast_head_json":{"title":"Datenschutz &gt; DMS TAX","robots":{"index":"index","follow":"follow","max-snippet":"max-snippet:-1","max-image-preview":"max-image-preview:large","max-video-preview":"max-video-preview:-1"},"canonical":"https:\/\/dmstax.com\/de\/datenschutz\/","og_locale":"de_DE","og_type":"article","og_title":"Datenschutz &gt; DMS TAX","og_description":"Definicje a) DMS TAX \u2013 sp\u00f3\u0142ka DMS TAX Sp. z.o.o. z siedzib\u0105 przyal. Lipowa 32, 53-124 Wroc\u0142aw, Polska, wpisana do Krajowego Rejestru S\u0105dowego Prowadzonego przez S\u0105d Rejonowy dla Wroc\u0142awia-Fabrycznej we...","og_url":"https:\/\/dmstax.com\/de\/datenschutz\/","og_site_name":"DMS TAX","article_modified_time":"2025-02-20T01:23:34+00:00","twitter_card":"summary_large_image","twitter_misc":{"Est. reading time":"3 minutes"},"schema":{"@context":"https:\/\/schema.org","@graph":[{"@type":"WebPage","@id":"https:\/\/dmstax.com\/de\/datenschutz\/","url":"https:\/\/dmstax.com\/de\/datenschutz\/","name":"Datenschutz &gt; DMS TAX","isPartOf":{"@id":"https:\/\/dmstax.com\/de\/#website"},"datePublished":"2022-09-14T15:46:30+00:00","dateModified":"2025-02-20T01:23:34+00:00","inLanguage":"de-DE","potentialAction":[{"@type":"ReadAction","target":["https:\/\/dmstax.com\/de\/datenschutz\/"]}]},{"@type":"WebSite","@id":"https:\/\/dmstax.com\/de\/#website","url":"https:\/\/dmstax.com\/de\/","name":"DMS TAX","description":"","publisher":{"@id":"https:\/\/dmstax.com\/de\/#organization"},"potentialAction":[{"@type":"SearchAction","target":{"@type":"EntryPoint","urlTemplate":"https:\/\/dmstax.com\/de\/?s={search_term_string}"},"query-input":"required name=search_term_string"}],"inLanguage":"de-DE"},{"@type":"Organization","@id":"https:\/\/dmstax.com\/de\/#organization","name":"DMS TAX","url":"https:\/\/dmstax.com\/de\/","logo":{"@type":"ImageObject","inLanguage":"de-DE","@id":"https:\/\/dmstax.com\/de\/#\/schema\/logo\/image\/","url":"https:\/\/dmstax.com\/wp-content\/uploads\/2022\/10\/Logo-2.svg","contentUrl":"https:\/\/dmstax.com\/wp-content\/uploads\/2022\/10\/Logo-2.svg","width":103,"height":32,"caption":"DMS TAX"},"image":{"@id":"https:\/\/dmstax.com\/de\/#\/schema\/logo\/image\/"}}]}},"_links":{"self":[{"href":"https:\/\/dmstax.com\/de\/wp-json\/wp\/v2\/pages\/778","targetHints":{"allow":["GET"]}}],"collection":[{"href":"https:\/\/dmstax.com\/de\/wp-json\/wp\/v2\/pages"}],"about":[{"href":"https:\/\/dmstax.com\/de\/wp-json\/wp\/v2\/types\/page"}],"author":[{"embeddable":true,"href":"https:\/\/dmstax.com\/de\/wp-json\/wp\/v2\/users\/1"}],"replies":[{"embeddable":true,"href":"https:\/\/dmstax.com\/de\/wp-json\/wp\/v2\/comments?post=778"}],"version-history":[{"count":4,"href":"https:\/\/dmstax.com\/de\/wp-json\/wp\/v2\/pages\/778\/revisions"}],"predecessor-version":[{"id":2498,"href":"https:\/\/dmstax.com\/de\/wp-json\/wp\/v2\/pages\/778\/revisions\/2498"}],"wp:attachment":[{"href":"https:\/\/dmstax.com\/de\/wp-json\/wp\/v2\/media?parent=778"}],"curies":[{"name":"wp","href":"https:\/\/api.w.org\/{rel}","templated":true}]}}