{"id":772,"date":"2022-11-23T12:10:48","date_gmt":"2022-11-23T11:10:48","guid":{"rendered":"http:\/\/dmstax.com\/satzung\/"},"modified":"2023-01-03T14:26:58","modified_gmt":"2023-01-03T13:26:58","slug":"satzung","status":"publish","type":"page","link":"https:\/\/dmstax.com\/de\/satzung\/","title":{"rendered":"Satzung"},"content":{"rendered":"\n<p>Niniejsza strona internetowa (dalej jako Strona internetowa) jest w\u0142asno\u015bci\u0105 DMS TAX Sp. z o.o. (dalej jako DMS TAX). Sp\u00f3\u0142ka jest zarejestrowana w Polsce pod numerem KRS 0000231073. Siedzib\u0105 sp\u00f3\u0142ki jest miasto Wroc\u0142aw.<\/p>\n\n<p>Korzystanie ze Strony internetowej jest dozwolone pod warunkiem przestrzegania wszystkich nast\u0119puj\u0105cych zasad:<\/p>\n\n<p><strong>1. <\/strong>Niniejsza strona internetowa jest chroniona prawem autorskim. Wszelkie prawa autorskie przys\u0142uguj\u0105<br\/>DMS TAX.<\/p>\n\n<p><strong>2. <\/strong>Logo DMS jest chronionym znakiem towarowym b\u0119d\u0105cym w\u0142asno\u015bci\u0105 DMS TAX.<\/p>\n\n<p><strong>3.<\/strong> Strona internetowa zosta\u0142a opracowana w celu przekazania og\u00f3lnych informacji o sp\u00f3\u0142ce DMS TAX oraz \u015bwiadczonych przez ni\u0105 us\u0142ugach.<\/p>\n\n<p><strong>4.<\/strong> Informacje zawarte na Stronie internetowej nie mog\u0105 by\u0107 w \u017cadnym przypadku traktowane jako \u015bwiadczenie<br\/>us\u0142ug doradztwa podatkowego w rozumieniu art. 2 ustawy z dnia 5 lipca 1996 r. o doradztwie podatkowym lub<br\/>te\u017c doradztwa finansowego czy prawnego.<\/p>\n\n<p><strong>5.<\/strong> Strona internetowa udost\u0119pniona jest do u\u017cytku publicznego z zastrze\u017ceniem, \u017ce DMS TAX nie ponosi \u017cadnej odpowiedzialno\u015bci za szkody lub straty powsta\u0142e w wyniku korzystania z jej zawarto\u015bci tre\u015bciowej. Zastosowanie informacji zawartych w serwisie dla potrzeb decyzji ekonomicznych lub prawnych nie mo\u017ce rodzi\u0107 jakichkolwiek roszcze\u0144 z tytu\u0142u odpowiedzialno\u015bci za szkody lub straty okre\u015blone w art. 43 ustawy o doradztwie podatkowym.<\/p>\n\n<p><strong>6.<\/strong> Osoby zainteresowane us\u0142ugami DMS TAX proszone s\u0105 o kontakt.<\/p>\n\n<p><strong>7.<\/strong> Strona internetowa mo\u017ce zawiera\u0107 po\u0142\u0105czenia elektroniczne (link) do innych stron internetowych. DMS TAX<br\/>nie bierze odpowiedzialno\u015bci za tre\u015bci zawarte na w\u0142a\u015bciwych stronach internetowych, do kt\u00f3rych przekierowuj\u0105 po\u0142\u0105czenia elektroniczne (linki).<\/p>\n\n<p>Zasady korzystania z niniejszej Strony internetowej s\u0105 regulowane prawem polskim. Wszelkie spory zwi\u0105zane z niniejsz\u0105 Stron\u0105 internetow\u0105 podlegaj\u0105 prawu polskiemu, a spory rozstrzygane b\u0119d\u0105 w s\u0105dzie w\u0142a\u015bciwym dla siedziby DMS TAX.<\/p>\n","protected":false},"excerpt":{"rendered":"<p>Niniejsza strona internetowa (dalej jako Strona internetowa) jest w\u0142asno\u015bci\u0105 DMS TAX Sp. z o.o. (dalej jako DMS TAX). Sp\u00f3\u0142ka jest zarejestrowana w Polsce pod numerem KRS 0000231073. Siedzib\u0105 sp\u00f3\u0142ki jest&#8230;<\/p>\n","protected":false},"author":1,"featured_media":0,"parent":0,"menu_order":11,"comment_status":"closed","ping_status":"closed","template":"page-templates\/legal-regulations.php","meta":{"inline_featured_image":false,"footnotes":""},"class_list":["post-772","page","type-page","status-publish","hentry"],"acf":[],"yoast_head":"<!-- This site is optimized with the Yoast SEO plugin v20.5 - https:\/\/yoast.com\/wordpress\/plugins\/seo\/ -->\n<title>Satzung &gt; DMS TAX<\/title>\n<meta name=\"robots\" content=\"index, follow, max-snippet:-1, max-image-preview:large, max-video-preview:-1\" \/>\n<link rel=\"canonical\" href=\"https:\/\/dmstax.com\/de\/satzung\/\" \/>\n<meta property=\"og:locale\" content=\"de_DE\" \/>\n<meta property=\"og:type\" content=\"article\" \/>\n<meta property=\"og:title\" content=\"Satzung &gt; DMS TAX\" \/>\n<meta property=\"og:description\" content=\"Niniejsza strona internetowa (dalej jako Strona internetowa) jest w\u0142asno\u015bci\u0105 DMS TAX Sp. z o.o. (dalej jako DMS TAX). Sp\u00f3\u0142ka jest zarejestrowana w Polsce pod numerem KRS 0000231073. Siedzib\u0105 sp\u00f3\u0142ki jest...\" \/>\n<meta property=\"og:url\" content=\"https:\/\/dmstax.com\/de\/satzung\/\" \/>\n<meta property=\"og:site_name\" content=\"DMS TAX\" \/>\n<meta property=\"article:modified_time\" content=\"2023-01-03T13:26:58+00:00\" \/>\n<meta name=\"twitter:card\" content=\"summary_large_image\" \/>\n<meta name=\"twitter:label1\" content=\"Est. reading time\" \/>\n\t<meta name=\"twitter:data1\" content=\"1 minute\" \/>\n<script type=\"application\/ld+json\" class=\"yoast-schema-graph\">{\"@context\":\"https:\/\/schema.org\",\"@graph\":[{\"@type\":\"WebPage\",\"@id\":\"https:\/\/dmstax.com\/de\/satzung\/\",\"url\":\"https:\/\/dmstax.com\/de\/satzung\/\",\"name\":\"Satzung &gt; DMS TAX\",\"isPartOf\":{\"@id\":\"https:\/\/dmstax.com\/de\/#website\"},\"datePublished\":\"2022-11-23T11:10:48+00:00\",\"dateModified\":\"2023-01-03T13:26:58+00:00\",\"inLanguage\":\"de-DE\",\"potentialAction\":[{\"@type\":\"ReadAction\",\"target\":[\"https:\/\/dmstax.com\/de\/satzung\/\"]}]},{\"@type\":\"WebSite\",\"@id\":\"https:\/\/dmstax.com\/de\/#website\",\"url\":\"https:\/\/dmstax.com\/de\/\",\"name\":\"DMS TAX\",\"description\":\"\",\"publisher\":{\"@id\":\"https:\/\/dmstax.com\/de\/#organization\"},\"potentialAction\":[{\"@type\":\"SearchAction\",\"target\":{\"@type\":\"EntryPoint\",\"urlTemplate\":\"https:\/\/dmstax.com\/de\/?s={search_term_string}\"},\"query-input\":\"required name=search_term_string\"}],\"inLanguage\":\"de-DE\"},{\"@type\":\"Organization\",\"@id\":\"https:\/\/dmstax.com\/de\/#organization\",\"name\":\"DMS TAX\",\"url\":\"https:\/\/dmstax.com\/de\/\",\"logo\":{\"@type\":\"ImageObject\",\"inLanguage\":\"de-DE\",\"@id\":\"https:\/\/dmstax.com\/de\/#\/schema\/logo\/image\/\",\"url\":\"https:\/\/dmstax.com\/wp-content\/uploads\/2022\/10\/Logo-2.svg\",\"contentUrl\":\"https:\/\/dmstax.com\/wp-content\/uploads\/2022\/10\/Logo-2.svg\",\"width\":103,\"height\":32,\"caption\":\"DMS TAX\"},\"image\":{\"@id\":\"https:\/\/dmstax.com\/de\/#\/schema\/logo\/image\/\"}}]}<\/script>\n<!-- \/ Yoast SEO plugin. -->","yoast_head_json":{"title":"Satzung &gt; DMS TAX","robots":{"index":"index","follow":"follow","max-snippet":"max-snippet:-1","max-image-preview":"max-image-preview:large","max-video-preview":"max-video-preview:-1"},"canonical":"https:\/\/dmstax.com\/de\/satzung\/","og_locale":"de_DE","og_type":"article","og_title":"Satzung &gt; DMS TAX","og_description":"Niniejsza strona internetowa (dalej jako Strona internetowa) jest w\u0142asno\u015bci\u0105 DMS TAX Sp. z o.o. (dalej jako DMS TAX). Sp\u00f3\u0142ka jest zarejestrowana w Polsce pod numerem KRS 0000231073. Siedzib\u0105 sp\u00f3\u0142ki jest...","og_url":"https:\/\/dmstax.com\/de\/satzung\/","og_site_name":"DMS TAX","article_modified_time":"2023-01-03T13:26:58+00:00","twitter_card":"summary_large_image","twitter_misc":{"Est. reading time":"1 minute"},"schema":{"@context":"https:\/\/schema.org","@graph":[{"@type":"WebPage","@id":"https:\/\/dmstax.com\/de\/satzung\/","url":"https:\/\/dmstax.com\/de\/satzung\/","name":"Satzung &gt; DMS TAX","isPartOf":{"@id":"https:\/\/dmstax.com\/de\/#website"},"datePublished":"2022-11-23T11:10:48+00:00","dateModified":"2023-01-03T13:26:58+00:00","inLanguage":"de-DE","potentialAction":[{"@type":"ReadAction","target":["https:\/\/dmstax.com\/de\/satzung\/"]}]},{"@type":"WebSite","@id":"https:\/\/dmstax.com\/de\/#website","url":"https:\/\/dmstax.com\/de\/","name":"DMS TAX","description":"","publisher":{"@id":"https:\/\/dmstax.com\/de\/#organization"},"potentialAction":[{"@type":"SearchAction","target":{"@type":"EntryPoint","urlTemplate":"https:\/\/dmstax.com\/de\/?s={search_term_string}"},"query-input":"required name=search_term_string"}],"inLanguage":"de-DE"},{"@type":"Organization","@id":"https:\/\/dmstax.com\/de\/#organization","name":"DMS TAX","url":"https:\/\/dmstax.com\/de\/","logo":{"@type":"ImageObject","inLanguage":"de-DE","@id":"https:\/\/dmstax.com\/de\/#\/schema\/logo\/image\/","url":"https:\/\/dmstax.com\/wp-content\/uploads\/2022\/10\/Logo-2.svg","contentUrl":"https:\/\/dmstax.com\/wp-content\/uploads\/2022\/10\/Logo-2.svg","width":103,"height":32,"caption":"DMS TAX"},"image":{"@id":"https:\/\/dmstax.com\/de\/#\/schema\/logo\/image\/"}}]}},"_links":{"self":[{"href":"https:\/\/dmstax.com\/de\/wp-json\/wp\/v2\/pages\/772","targetHints":{"allow":["GET"]}}],"collection":[{"href":"https:\/\/dmstax.com\/de\/wp-json\/wp\/v2\/pages"}],"about":[{"href":"https:\/\/dmstax.com\/de\/wp-json\/wp\/v2\/types\/page"}],"author":[{"embeddable":true,"href":"https:\/\/dmstax.com\/de\/wp-json\/wp\/v2\/users\/1"}],"replies":[{"embeddable":true,"href":"https:\/\/dmstax.com\/de\/wp-json\/wp\/v2\/comments?post=772"}],"version-history":[{"count":1,"href":"https:\/\/dmstax.com\/de\/wp-json\/wp\/v2\/pages\/772\/revisions"}],"predecessor-version":[{"id":773,"href":"https:\/\/dmstax.com\/de\/wp-json\/wp\/v2\/pages\/772\/revisions\/773"}],"wp:attachment":[{"href":"https:\/\/dmstax.com\/de\/wp-json\/wp\/v2\/media?parent=772"}],"curies":[{"name":"wp","href":"https:\/\/api.w.org\/{rel}","templated":true}]}}