{"id":768,"date":"2022-12-09T15:16:34","date_gmt":"2022-12-09T14:16:34","guid":{"rendered":"http:\/\/dmstax.com\/cookies-policy\/"},"modified":"2023-01-03T14:24:54","modified_gmt":"2023-01-03T13:24:54","slug":"cookies-policy","status":"publish","type":"page","link":"https:\/\/dmstax.com\/de\/cookies-policy\/","title":{"rendered":"Cookies Policy"},"content":{"rendered":"\n<p>Polityka Cookies dotyczy plik\u00f3w cookies i odnosi si\u0119 do stron internetowych (\u201eSerwis\u201d), kt\u00f3rych operatorem jest DMS TAX Sp. z o.o. z siedzib\u0105 przy ulicy Kutnowskiej 1-3, 53-135 Wroc\u0142aw, wpisana do rejestru przedsi\u0119biorc\u00f3w Krajowego Rejestru S\u0105dowego pod numerem 0000231073 przez S\u0105d Rejonowy dla Wroc\u0142awia-Fabrycznej we Wroc\u0142awiu VI Wydzia\u0142 Gospodarczy KRS.<\/p>\n\n<h2 class=\"wp-block-heading\"><strong>Informacje og\u00f3lne<\/strong><\/h2>\n\n<p>1. Serwis nie zbiera w spos\u00f3b automatyczny \u017cadnych informacji, z wyj\u0105tkiem informacji zawartych w plikach cookies.<\/p>\n\n<p>2. Podmiotem zamieszczaj\u0105cym pliki cookies na urz\u0105dzeniu ko\u0144cowym U\u017cytkownika oraz uzyskuj\u0105cym do nich dost\u0119p jest DMS TAX.<\/p>\n\n<p>3. Pliki cookies wykorzystywane s\u0105 wy\u0142\u0105cznie przez DMS TAX.<\/p>\n\n<h2 class=\"wp-block-heading\"><strong>Co to s\u0105 pliki cookies?<\/strong><\/h2>\n\n<p>Pliki cookies (tzw. \u201eciasteczka\u201d) stanowi\u0105 dane informatyczne, w szczeg\u00f3lno\u015bci pliki tekstowe, kt\u00f3re przechowywane s\u0105 w urz\u0105dzeniu ko\u0144cowym U\u017cytkownika Serwisu i przeznaczone s\u0105 do korzystania ze stron internetowych Serwisu. Cookies zazwyczaj zawieraj\u0105 nazw\u0119 strony internetowej, z kt\u00f3rej pochodz\u0105, czas przechowywania ich na urz\u0105dzeniu ko\u0144cowym oraz unikalny numer.<\/p>\n\n<h2 class=\"wp-block-heading\"><strong>W jakim celu s\u0105 stosowane?<\/strong><\/h2>\n\n<p>Pliki cookies wykorzystywane s\u0105 w celu:<\/p>\n\n<p>a) dostosowania zawarto\u015bci stron internetowych Serwisu do preferencji U\u017cytkownika oraz optymalizacji korzystania ze stron internetowych; w szczeg\u00f3lno\u015bci pliki te pozwalaj\u0105 rozpozna\u0107 urz\u0105dzenie U\u017cytkownika Serwisu i odpowiednio wy\u015bwietli\u0107 stron\u0119 internetow\u0105, dostosowan\u0105 do jego indywidualnych potrzeb,<\/p>\n\n<p>b) tworzenia statystyk, kt\u00f3re pomagaj\u0105 zrozumie\u0107, w jaki spos\u00f3b U\u017cytkownicy Serwisu korzystaj\u0105 ze stron internetowych, co umo\u017cliwia ulepszanie ich struktury i zawarto\u015bci,<\/p>\n\n<p>c) dostarczania U\u017cytkownikom tre\u015bci dostosowanych do ich zainteresowa\u0144 oraz preferencji.<strong><\/strong><\/p>\n\n<h2 class=\"wp-block-heading\"><strong>Jakiego rodzaju ciasteczka s\u0105 u\u017cywane na Stronie?<\/strong><\/h2>\n\n<p>a) Tymczasowe pliki cookies zwi\u0105zane z sesj\u0105 pozostaj\u0105 w przegl\u0105darce tylko przez czas sesji, tzn. do momentu wyj\u015bcia z danej witryny.<\/p>\n\n<p>b) Trwa\u0142e pliki cookies pozostaj\u0105 w przegl\u0105darce po zako\u0144czeniu sesji (o ile nie zostan\u0105 usuni\u0119te przez U\u017cytkownika).<\/p>\n\n<p>c) Analityczne pliki cookies zbieraj\u0105 informacje o korzystaniu z danej witryny, takie jak strony odwiedzone przez danego U\u017cytkownika oraz wszelkie komunikaty o b\u0142\u0119dach; nie zbieraj\u0105 informacji umo\u017cliwiaj\u0105cych identyfikacj\u0119 U\u017cytkownika, a zebrane dane s\u0105 agregowane w taki spos\u00f3b, \u017ce staj\u0105 si\u0119 anonimowe. Analityczne pliki cookies s\u0142u\u017c\u0105 do ulepszania dzia\u0142ania witryny.<\/p>\n\n<p>d) Funkcjonalne pliki cookies umo\u017cliwiaj\u0105 witrynie zapami\u0119tanie wszelkich wybor\u00f3w dokonywanych na stronach (takich jak zmiana rozmiaru czcionki, dostosowanie strony) i umo\u017cliwiaj\u0105 takie us\u0142ugi, jak dodawanie komentarzy na czyim\u015b blogu.<\/p>\n\n<h2 class=\"wp-block-heading\"><strong>Zarz\u0105dzanie plikami cookies \u2013 jak w praktyce wyra\u017ca\u0107 i cofa\u0107 zgod\u0119?<\/strong><\/h2>\n\n<p>1. Je\u015bli U\u017cytkownik nie chce otrzymywa\u0107 plik\u00f3w cookies, mo\u017ce zmieni\u0107 ustawienia przegl\u0105darki. Zastrzegamy, \u017ce wy\u0142\u0105czenie obs\u0142ugi plik\u00f3w cookies niezb\u0119dnych dla proces\u00f3w uwierzytelniania, bezpiecze\u0144stwa, utrzymania preferencji U\u017cytkownika mo\u017ce utrudni\u0107, a w skrajnych przypadkach mo\u017ce uniemo\u017cliwi\u0107 korzystanie ze stron www.<\/p>\n\n<p>2. W celu zarz\u0105dzania ustawieniami cookies prosimy wybra\u0107 z listy poni\u017cej przegl\u0105dark\u0119 internetow\u0105\/ system i post\u0119puj zgodnie z instrukcjami:<\/p>\n\n<ul class=\"wp-block-list\">\n<li><a href=\"http:\/\/support.microsoft.com\/kb\/196955\" rel=\"noreferrer noopener\" target=\"_blank\">Internet Explorer<\/a><\/li>\n\n\n\n<li><a href=\"https:\/\/support.google.com\/chrome\/answer\/95647?hl=pl\" rel=\"noreferrer noopener\" target=\"_blank\">Chrome<\/a><\/li>\n\n\n\n<li><a href=\"http:\/\/support.apple.com\/kb\/PH5042\" rel=\"noreferrer noopener\" target=\"_blank\">Safari<\/a><\/li>\n\n\n\n<li><a href=\"https:\/\/support.mozilla.org\/pl\/kb\/ciasteczka\" rel=\"noreferrer noopener\" target=\"_blank\">Firefox<\/a><\/li>\n\n\n\n<li><a href=\"http:\/\/help.opera.com\/Windows\/12.10\/pl\/cookies.html\" rel=\"noreferrer noopener\" target=\"_blank\">Opera<\/a><\/li>\n<\/ul>\n","protected":false},"excerpt":{"rendered":"<p>Polityka Cookies dotyczy plik\u00f3w cookies i odnosi si\u0119 do stron internetowych (\u201eSerwis\u201d), kt\u00f3rych operatorem jest DMS TAX Sp. z o.o. z siedzib\u0105 przy ulicy Kutnowskiej 1-3, 53-135 Wroc\u0142aw, wpisana do&#8230;<\/p>\n","protected":false},"author":1,"featured_media":0,"parent":0,"menu_order":3,"comment_status":"closed","ping_status":"closed","template":"page-templates\/legal-regulations.php","meta":{"inline_featured_image":false,"footnotes":""},"class_list":["post-768","page","type-page","status-publish","hentry"],"acf":[],"yoast_head":"<!-- This site is optimized with the Yoast SEO plugin v20.5 - https:\/\/yoast.com\/wordpress\/plugins\/seo\/ -->\n<title>Cookies Policy &gt; DMS TAX<\/title>\n<meta name=\"robots\" content=\"index, follow, max-snippet:-1, max-image-preview:large, max-video-preview:-1\" \/>\n<link rel=\"canonical\" href=\"https:\/\/dmstax.com\/de\/cookies-policy\/\" \/>\n<meta property=\"og:locale\" content=\"de_DE\" \/>\n<meta property=\"og:type\" content=\"article\" \/>\n<meta property=\"og:title\" content=\"Cookies Policy &gt; DMS TAX\" \/>\n<meta property=\"og:description\" content=\"Polityka Cookies dotyczy plik\u00f3w cookies i odnosi si\u0119 do stron internetowych (\u201eSerwis\u201d), kt\u00f3rych operatorem jest DMS TAX Sp. z o.o. z siedzib\u0105 przy ulicy Kutnowskiej 1-3, 53-135 Wroc\u0142aw, wpisana do...\" \/>\n<meta property=\"og:url\" content=\"https:\/\/dmstax.com\/de\/cookies-policy\/\" \/>\n<meta property=\"og:site_name\" content=\"DMS TAX\" \/>\n<meta property=\"article:modified_time\" content=\"2023-01-03T13:24:54+00:00\" \/>\n<meta name=\"twitter:card\" content=\"summary_large_image\" \/>\n<meta name=\"twitter:label1\" content=\"Est. reading time\" \/>\n\t<meta name=\"twitter:data1\" content=\"2 minutes\" \/>\n<script type=\"application\/ld+json\" class=\"yoast-schema-graph\">{\"@context\":\"https:\/\/schema.org\",\"@graph\":[{\"@type\":\"WebPage\",\"@id\":\"https:\/\/dmstax.com\/de\/cookies-policy\/\",\"url\":\"https:\/\/dmstax.com\/de\/cookies-policy\/\",\"name\":\"Cookies Policy &gt; DMS TAX\",\"isPartOf\":{\"@id\":\"https:\/\/dmstax.com\/de\/#website\"},\"datePublished\":\"2022-12-09T14:16:34+00:00\",\"dateModified\":\"2023-01-03T13:24:54+00:00\",\"inLanguage\":\"de-DE\",\"potentialAction\":[{\"@type\":\"ReadAction\",\"target\":[\"https:\/\/dmstax.com\/de\/cookies-policy\/\"]}]},{\"@type\":\"WebSite\",\"@id\":\"https:\/\/dmstax.com\/de\/#website\",\"url\":\"https:\/\/dmstax.com\/de\/\",\"name\":\"DMS TAX\",\"description\":\"\",\"publisher\":{\"@id\":\"https:\/\/dmstax.com\/de\/#organization\"},\"potentialAction\":[{\"@type\":\"SearchAction\",\"target\":{\"@type\":\"EntryPoint\",\"urlTemplate\":\"https:\/\/dmstax.com\/de\/?s={search_term_string}\"},\"query-input\":\"required name=search_term_string\"}],\"inLanguage\":\"de-DE\"},{\"@type\":\"Organization\",\"@id\":\"https:\/\/dmstax.com\/de\/#organization\",\"name\":\"DMS TAX\",\"url\":\"https:\/\/dmstax.com\/de\/\",\"logo\":{\"@type\":\"ImageObject\",\"inLanguage\":\"de-DE\",\"@id\":\"https:\/\/dmstax.com\/de\/#\/schema\/logo\/image\/\",\"url\":\"https:\/\/dmstax.com\/wp-content\/uploads\/2022\/10\/Logo-2.svg\",\"contentUrl\":\"https:\/\/dmstax.com\/wp-content\/uploads\/2022\/10\/Logo-2.svg\",\"width\":103,\"height\":32,\"caption\":\"DMS TAX\"},\"image\":{\"@id\":\"https:\/\/dmstax.com\/de\/#\/schema\/logo\/image\/\"}}]}<\/script>\n<!-- \/ Yoast SEO plugin. -->","yoast_head_json":{"title":"Cookies Policy &gt; DMS TAX","robots":{"index":"index","follow":"follow","max-snippet":"max-snippet:-1","max-image-preview":"max-image-preview:large","max-video-preview":"max-video-preview:-1"},"canonical":"https:\/\/dmstax.com\/de\/cookies-policy\/","og_locale":"de_DE","og_type":"article","og_title":"Cookies Policy &gt; DMS TAX","og_description":"Polityka Cookies dotyczy plik\u00f3w cookies i odnosi si\u0119 do stron internetowych (\u201eSerwis\u201d), kt\u00f3rych operatorem jest DMS TAX Sp. z o.o. z siedzib\u0105 przy ulicy Kutnowskiej 1-3, 53-135 Wroc\u0142aw, wpisana do...","og_url":"https:\/\/dmstax.com\/de\/cookies-policy\/","og_site_name":"DMS TAX","article_modified_time":"2023-01-03T13:24:54+00:00","twitter_card":"summary_large_image","twitter_misc":{"Est. reading time":"2 minutes"},"schema":{"@context":"https:\/\/schema.org","@graph":[{"@type":"WebPage","@id":"https:\/\/dmstax.com\/de\/cookies-policy\/","url":"https:\/\/dmstax.com\/de\/cookies-policy\/","name":"Cookies Policy &gt; DMS TAX","isPartOf":{"@id":"https:\/\/dmstax.com\/de\/#website"},"datePublished":"2022-12-09T14:16:34+00:00","dateModified":"2023-01-03T13:24:54+00:00","inLanguage":"de-DE","potentialAction":[{"@type":"ReadAction","target":["https:\/\/dmstax.com\/de\/cookies-policy\/"]}]},{"@type":"WebSite","@id":"https:\/\/dmstax.com\/de\/#website","url":"https:\/\/dmstax.com\/de\/","name":"DMS TAX","description":"","publisher":{"@id":"https:\/\/dmstax.com\/de\/#organization"},"potentialAction":[{"@type":"SearchAction","target":{"@type":"EntryPoint","urlTemplate":"https:\/\/dmstax.com\/de\/?s={search_term_string}"},"query-input":"required name=search_term_string"}],"inLanguage":"de-DE"},{"@type":"Organization","@id":"https:\/\/dmstax.com\/de\/#organization","name":"DMS TAX","url":"https:\/\/dmstax.com\/de\/","logo":{"@type":"ImageObject","inLanguage":"de-DE","@id":"https:\/\/dmstax.com\/de\/#\/schema\/logo\/image\/","url":"https:\/\/dmstax.com\/wp-content\/uploads\/2022\/10\/Logo-2.svg","contentUrl":"https:\/\/dmstax.com\/wp-content\/uploads\/2022\/10\/Logo-2.svg","width":103,"height":32,"caption":"DMS TAX"},"image":{"@id":"https:\/\/dmstax.com\/de\/#\/schema\/logo\/image\/"}}]}},"_links":{"self":[{"href":"https:\/\/dmstax.com\/de\/wp-json\/wp\/v2\/pages\/768","targetHints":{"allow":["GET"]}}],"collection":[{"href":"https:\/\/dmstax.com\/de\/wp-json\/wp\/v2\/pages"}],"about":[{"href":"https:\/\/dmstax.com\/de\/wp-json\/wp\/v2\/types\/page"}],"author":[{"embeddable":true,"href":"https:\/\/dmstax.com\/de\/wp-json\/wp\/v2\/users\/1"}],"replies":[{"embeddable":true,"href":"https:\/\/dmstax.com\/de\/wp-json\/wp\/v2\/comments?post=768"}],"version-history":[{"count":1,"href":"https:\/\/dmstax.com\/de\/wp-json\/wp\/v2\/pages\/768\/revisions"}],"predecessor-version":[{"id":769,"href":"https:\/\/dmstax.com\/de\/wp-json\/wp\/v2\/pages\/768\/revisions\/769"}],"wp:attachment":[{"href":"https:\/\/dmstax.com\/de\/wp-json\/wp\/v2\/media?parent=768"}],"curies":[{"name":"wp","href":"https:\/\/api.w.org\/{rel}","templated":true}]}}